{"id":17,"date":"2026-04-16T03:58:20","date_gmt":"2026-04-16T03:58:20","guid":{"rendered":"https:\/\/nailvending.com\/?page_id=17"},"modified":"2026-04-16T03:58:20","modified_gmt":"2026-04-16T03:58:20","slug":"contact-us","status":"publish","type":"page","link":"https:\/\/nailvending.com\/es\/contact-us\/","title":{"rendered":"Cont\u00e1ctenos"},"content":{"rendered":"","protected":false},"excerpt":{"rendered":"","protected":false},"author":1,"featured_media":0,"parent":0,"menu_order":0,"comment_status":"closed","ping_status":"closed","template":"page-contact.php","meta":{"footnotes":""},"class_list":["post-17","page","type-page","status-publish","hentry"],"yoast_head":"<!-- This site is optimized with the Yoast SEO plugin v27.4 - https:\/\/yoast.com\/product\/yoast-seo-wordpress\/ -->\n<title>Contact Us - Nail Vending Machine Sales &amp; Support | Wider<\/title>\n<meta name=\"description\" content=\"Contact Wider Matrix for nail vending machine inquiries. Get free ROI analysis, location guide, and expert consultation. Fast response within 1-3 minutes.\" \/>\n<meta name=\"robots\" content=\"index, follow, max-snippet:-1, max-image-preview:large, max-video-preview:-1\" \/>\n<link rel=\"canonical\" href=\"https:\/\/nailvending.com\/es\/contact-us\/\" \/>\n<meta property=\"og:locale\" content=\"es_MX\" \/>\n<meta property=\"og:type\" content=\"article\" \/>\n<meta property=\"og:title\" content=\"Contact Us - Nail Vending Machine Sales &amp; Support | Wider\" \/>\n<meta property=\"og:description\" content=\"Contact Wider Matrix for nail vending machine inquiries. Get free ROI analysis, location guide, and expert consultation. Fast response within 1-3 minutes.\" \/>\n<meta property=\"og:url\" content=\"https:\/\/nailvending.com\/es\/contact-us\/\" \/>\n<meta property=\"og:site_name\" content=\"Wider Matrix\" \/>\n<meta name=\"twitter:card\" content=\"summary_large_image\" \/>\n<script type=\"application\/ld+json\" class=\"yoast-schema-graph\">{\"@context\":\"https:\\\/\\\/schema.org\",\"@graph\":[{\"@type\":\"WebPage\",\"@id\":\"https:\\\/\\\/nailvending.com\\\/contact-us\\\/\",\"url\":\"https:\\\/\\\/nailvending.com\\\/contact-us\\\/\",\"name\":\"Contact Us - Nail Vending Machine Sales & Support | Wider\",\"isPartOf\":{\"@id\":\"https:\\\/\\\/nailvending.com\\\/#website\"},\"datePublished\":\"2026-04-16T03:58:20+00:00\",\"description\":\"Contact Wider Matrix for nail vending machine inquiries. Get free ROI analysis, location guide, and expert consultation. Fast response within 1-3 minutes.\",\"breadcrumb\":{\"@id\":\"https:\\\/\\\/nailvending.com\\\/contact-us\\\/#breadcrumb\"},\"inLanguage\":\"es\",\"potentialAction\":[{\"@type\":\"ReadAction\",\"target\":[\"https:\\\/\\\/nailvending.com\\\/contact-us\\\/\"]}]},{\"@type\":\"BreadcrumbList\",\"@id\":\"https:\\\/\\\/nailvending.com\\\/contact-us\\\/#breadcrumb\",\"itemListElement\":[{\"@type\":\"ListItem\",\"position\":1,\"name\":\"Home\",\"item\":\"https:\\\/\\\/nailvending.com\\\/\"},{\"@type\":\"ListItem\",\"position\":2,\"name\":\"Contact Us\"}]},{\"@type\":\"WebSite\",\"@id\":\"https:\\\/\\\/nailvending.com\\\/#website\",\"url\":\"https:\\\/\\\/nailvending.com\\\/\",\"name\":\"Wider Matrix\",\"description\":\"\",\"potentialAction\":[{\"@type\":\"SearchAction\",\"target\":{\"@type\":\"EntryPoint\",\"urlTemplate\":\"https:\\\/\\\/nailvending.com\\\/?s={search_term_string}\"},\"query-input\":{\"@type\":\"PropertyValueSpecification\",\"valueRequired\":true,\"valueName\":\"search_term_string\"}}],\"inLanguage\":\"es\"}]}<\/script>\n<!-- \/ Yoast SEO plugin. -->","yoast_head_json":{"title":"Cont\u00e1ctenos - Venta y asistencia t\u00e9cnica de m\u00e1quinas expendedoras de clavos | Wider","description":"P\u00f3ngase en contacto con Wider Matrix para cualquier consulta sobre m\u00e1quinas expendedoras de productos para las u\u00f1as. Obtenga un an\u00e1lisis gratuito del retorno de la inversi\u00f3n, una gu\u00eda de ubicaciones y asesoramiento de expertos. Respuesta r\u00e1pida en un plazo de 1 a 3 minutos.","robots":{"index":"index","follow":"follow","max-snippet":"max-snippet:-1","max-image-preview":"max-image-preview:large","max-video-preview":"max-video-preview:-1"},"canonical":"https:\/\/nailvending.com\/es\/contact-us\/","og_locale":"es_MX","og_type":"article","og_title":"Contact Us - Nail Vending Machine Sales & Support | Wider","og_description":"Contact Wider Matrix for nail vending machine inquiries. Get free ROI analysis, location guide, and expert consultation. Fast response within 1-3 minutes.","og_url":"https:\/\/nailvending.com\/es\/contact-us\/","og_site_name":"Wider Matrix","twitter_card":"summary_large_image","schema":{"@context":"https:\/\/schema.org","@graph":[{"@type":"WebPage","@id":"https:\/\/nailvending.com\/contact-us\/","url":"https:\/\/nailvending.com\/contact-us\/","name":"Cont\u00e1ctenos - Venta y asistencia t\u00e9cnica de m\u00e1quinas expendedoras de clavos | Wider","isPartOf":{"@id":"https:\/\/nailvending.com\/#website"},"datePublished":"2026-04-16T03:58:20+00:00","description":"P\u00f3ngase en contacto con Wider Matrix para cualquier consulta sobre m\u00e1quinas expendedoras de productos para las u\u00f1as. Obtenga un an\u00e1lisis gratuito del retorno de la inversi\u00f3n, una gu\u00eda de ubicaciones y asesoramiento de expertos. Respuesta r\u00e1pida en un plazo de 1 a 3 minutos.","breadcrumb":{"@id":"https:\/\/nailvending.com\/contact-us\/#breadcrumb"},"inLanguage":"es","potentialAction":[{"@type":"ReadAction","target":["https:\/\/nailvending.com\/contact-us\/"]}]},{"@type":"BreadcrumbList","@id":"https:\/\/nailvending.com\/contact-us\/#breadcrumb","itemListElement":[{"@type":"ListItem","position":1,"name":"Home","item":"https:\/\/nailvending.com\/"},{"@type":"ListItem","position":2,"name":"Contact Us"}]},{"@type":"WebSite","@id":"https:\/\/nailvending.com\/#website","url":"https:\/\/nailvending.com\/","name":"Matriz m\u00e1s amplia","description":"","potentialAction":[{"@type":"SearchAction","target":{"@type":"EntryPoint","urlTemplate":"https:\/\/nailvending.com\/?s={search_term_string}"},"query-input":{"@type":"PropertyValueSpecification","valueRequired":true,"valueName":"search_term_string"}}],"inLanguage":"es"}]}},"_links":{"self":[{"href":"https:\/\/nailvending.com\/es\/wp-json\/wp\/v2\/pages\/17","targetHints":{"allow":["GET"]}}],"collection":[{"href":"https:\/\/nailvending.com\/es\/wp-json\/wp\/v2\/pages"}],"about":[{"href":"https:\/\/nailvending.com\/es\/wp-json\/wp\/v2\/types\/page"}],"author":[{"embeddable":true,"href":"https:\/\/nailvending.com\/es\/wp-json\/wp\/v2\/users\/1"}],"replies":[{"embeddable":true,"href":"https:\/\/nailvending.com\/es\/wp-json\/wp\/v2\/comments?post=17"}],"version-history":[{"count":1,"href":"https:\/\/nailvending.com\/es\/wp-json\/wp\/v2\/pages\/17\/revisions"}],"predecessor-version":[{"id":18,"href":"https:\/\/nailvending.com\/es\/wp-json\/wp\/v2\/pages\/17\/revisions\/18"}],"wp:attachment":[{"href":"https:\/\/nailvending.com\/es\/wp-json\/wp\/v2\/media?parent=17"}],"curies":[{"name":"wp","href":"https:\/\/api.w.org\/{rel}","templated":true}]}}