{"id":15,"date":"2026-04-16T03:57:33","date_gmt":"2026-04-16T03:57:33","guid":{"rendered":"https:\/\/nailvending.com\/?page_id=15"},"modified":"2026-04-16T03:57:33","modified_gmt":"2026-04-16T03:57:33","slug":"privacy-policy","status":"publish","type":"page","link":"https:\/\/nailvending.com\/es\/privacy-policy\/","title":{"rendered":"Pol\u00edtica de privacidad"},"content":{"rendered":"","protected":false},"excerpt":{"rendered":"","protected":false},"author":1,"featured_media":0,"parent":0,"menu_order":0,"comment_status":"closed","ping_status":"closed","template":"page-privacy.php","meta":{"footnotes":""},"class_list":["post-15","page","type-page","status-publish","hentry"],"yoast_head":"<!-- This site is optimized with the Yoast SEO plugin v27.4 - https:\/\/yoast.com\/product\/yoast-seo-wordpress\/ -->\n<title>Privacy Policy - Nail Vending Machine | NailVending<\/title>\n<meta name=\"description\" content=\"Read our privacy policy to understand how we collect, use, and protect your personal information. Committed to data security and transparency. GDPR compliant.\" \/>\n<meta name=\"robots\" content=\"index, follow, max-snippet:-1, max-image-preview:large, max-video-preview:-1\" \/>\n<link rel=\"canonical\" href=\"https:\/\/nailvending.com\/es\/privacy-policy\/\" \/>\n<meta property=\"og:locale\" content=\"es_MX\" \/>\n<meta property=\"og:type\" content=\"article\" \/>\n<meta property=\"og:title\" content=\"Privacy Policy - Nail Vending Machine | NailVending\" \/>\n<meta property=\"og:description\" content=\"Read our privacy policy to understand how we collect, use, and protect your personal information. Committed to data security and transparency. GDPR compliant.\" \/>\n<meta property=\"og:url\" content=\"https:\/\/nailvending.com\/es\/privacy-policy\/\" \/>\n<meta property=\"og:site_name\" content=\"Wider Matrix\" \/>\n<meta name=\"twitter:card\" content=\"summary_large_image\" \/>\n<script type=\"application\/ld+json\" class=\"yoast-schema-graph\">{\"@context\":\"https:\\\/\\\/schema.org\",\"@graph\":[{\"@type\":\"WebPage\",\"@id\":\"https:\\\/\\\/nailvending.com\\\/privacy-policy\\\/\",\"url\":\"https:\\\/\\\/nailvending.com\\\/privacy-policy\\\/\",\"name\":\"Privacy Policy - Nail Vending Machine | NailVending\",\"isPartOf\":{\"@id\":\"https:\\\/\\\/nailvending.com\\\/#website\"},\"datePublished\":\"2026-04-16T03:57:33+00:00\",\"description\":\"Read our privacy policy to understand how we collect, use, and protect your personal information. Committed to data security and transparency. GDPR compliant.\",\"breadcrumb\":{\"@id\":\"https:\\\/\\\/nailvending.com\\\/privacy-policy\\\/#breadcrumb\"},\"inLanguage\":\"es\",\"potentialAction\":[{\"@type\":\"ReadAction\",\"target\":[\"https:\\\/\\\/nailvending.com\\\/privacy-policy\\\/\"]}]},{\"@type\":\"BreadcrumbList\",\"@id\":\"https:\\\/\\\/nailvending.com\\\/privacy-policy\\\/#breadcrumb\",\"itemListElement\":[{\"@type\":\"ListItem\",\"position\":1,\"name\":\"Home\",\"item\":\"https:\\\/\\\/nailvending.com\\\/\"},{\"@type\":\"ListItem\",\"position\":2,\"name\":\"Privacy Policy\"}]},{\"@type\":\"WebSite\",\"@id\":\"https:\\\/\\\/nailvending.com\\\/#website\",\"url\":\"https:\\\/\\\/nailvending.com\\\/\",\"name\":\"Wider Matrix\",\"description\":\"\",\"potentialAction\":[{\"@type\":\"SearchAction\",\"target\":{\"@type\":\"EntryPoint\",\"urlTemplate\":\"https:\\\/\\\/nailvending.com\\\/?s={search_term_string}\"},\"query-input\":{\"@type\":\"PropertyValueSpecification\",\"valueRequired\":true,\"valueName\":\"search_term_string\"}}],\"inLanguage\":\"es\"}]}<\/script>\n<!-- \/ Yoast SEO plugin. -->","yoast_head_json":{"title":"Pol\u00edtica de privacidad - M\u00e1quina expendedora de productos para las u\u00f1as | NailVending","description":"Lee nuestra pol\u00edtica de privacidad para saber c\u00f3mo recopilamos, utilizamos y protegemos tu informaci\u00f3n personal. Comprometidos con la seguridad de los datos y la transparencia. Cumplimos con el RGPD.","robots":{"index":"index","follow":"follow","max-snippet":"max-snippet:-1","max-image-preview":"max-image-preview:large","max-video-preview":"max-video-preview:-1"},"canonical":"https:\/\/nailvending.com\/es\/privacy-policy\/","og_locale":"es_MX","og_type":"article","og_title":"Privacy Policy - Nail Vending Machine | NailVending","og_description":"Read our privacy policy to understand how we collect, use, and protect your personal information. Committed to data security and transparency. GDPR compliant.","og_url":"https:\/\/nailvending.com\/es\/privacy-policy\/","og_site_name":"Wider Matrix","twitter_card":"summary_large_image","schema":{"@context":"https:\/\/schema.org","@graph":[{"@type":"WebPage","@id":"https:\/\/nailvending.com\/privacy-policy\/","url":"https:\/\/nailvending.com\/privacy-policy\/","name":"Pol\u00edtica de privacidad - M\u00e1quina expendedora de productos para las u\u00f1as | NailVending","isPartOf":{"@id":"https:\/\/nailvending.com\/#website"},"datePublished":"2026-04-16T03:57:33+00:00","description":"Lee nuestra pol\u00edtica de privacidad para saber c\u00f3mo recopilamos, utilizamos y protegemos tu informaci\u00f3n personal. Comprometidos con la seguridad de los datos y la transparencia. Cumplimos con el RGPD.","breadcrumb":{"@id":"https:\/\/nailvending.com\/privacy-policy\/#breadcrumb"},"inLanguage":"es","potentialAction":[{"@type":"ReadAction","target":["https:\/\/nailvending.com\/privacy-policy\/"]}]},{"@type":"BreadcrumbList","@id":"https:\/\/nailvending.com\/privacy-policy\/#breadcrumb","itemListElement":[{"@type":"ListItem","position":1,"name":"Home","item":"https:\/\/nailvending.com\/"},{"@type":"ListItem","position":2,"name":"Privacy Policy"}]},{"@type":"WebSite","@id":"https:\/\/nailvending.com\/#website","url":"https:\/\/nailvending.com\/","name":"Matriz m\u00e1s amplia","description":"","potentialAction":[{"@type":"SearchAction","target":{"@type":"EntryPoint","urlTemplate":"https:\/\/nailvending.com\/?s={search_term_string}"},"query-input":{"@type":"PropertyValueSpecification","valueRequired":true,"valueName":"search_term_string"}}],"inLanguage":"es"}]}},"_links":{"self":[{"href":"https:\/\/nailvending.com\/es\/wp-json\/wp\/v2\/pages\/15","targetHints":{"allow":["GET"]}}],"collection":[{"href":"https:\/\/nailvending.com\/es\/wp-json\/wp\/v2\/pages"}],"about":[{"href":"https:\/\/nailvending.com\/es\/wp-json\/wp\/v2\/types\/page"}],"author":[{"embeddable":true,"href":"https:\/\/nailvending.com\/es\/wp-json\/wp\/v2\/users\/1"}],"replies":[{"embeddable":true,"href":"https:\/\/nailvending.com\/es\/wp-json\/wp\/v2\/comments?post=15"}],"version-history":[{"count":1,"href":"https:\/\/nailvending.com\/es\/wp-json\/wp\/v2\/pages\/15\/revisions"}],"predecessor-version":[{"id":16,"href":"https:\/\/nailvending.com\/es\/wp-json\/wp\/v2\/pages\/15\/revisions\/16"}],"wp:attachment":[{"href":"https:\/\/nailvending.com\/es\/wp-json\/wp\/v2\/media?parent=15"}],"curies":[{"name":"wp","href":"https:\/\/api.w.org\/{rel}","templated":true}]}}