{"id":13,"date":"2026-04-16T03:57:02","date_gmt":"2026-04-16T03:57:02","guid":{"rendered":"https:\/\/nailvending.com\/?page_id=13"},"modified":"2026-04-16T03:57:02","modified_gmt":"2026-04-16T03:57:02","slug":"faq","status":"publish","type":"page","link":"https:\/\/nailvending.com\/es\/faq\/","title":{"rendered":"Preguntas frecuentes"},"content":{"rendered":"","protected":false},"excerpt":{"rendered":"","protected":false},"author":1,"featured_media":0,"parent":0,"menu_order":0,"comment_status":"closed","ping_status":"closed","template":"page-faq.php","meta":{"footnotes":""},"class_list":["post-13","page","type-page","status-publish","hentry"],"yoast_head":"<!-- This site is optimized with the Yoast SEO plugin v27.4 - https:\/\/yoast.com\/product\/yoast-seo-wordpress\/ -->\n<title>Nail Vending Machine FAQ - Common Questions Answered<\/title>\n<meta name=\"description\" content=\"Find answers about nail vending machines: pricing, features, ROI, ink costs, printhead specs. 600DPI quality, 30s printing, AI positioning. Get expert help.\" \/>\n<meta name=\"robots\" content=\"index, follow, max-snippet:-1, max-image-preview:large, max-video-preview:-1\" \/>\n<link rel=\"canonical\" href=\"https:\/\/nailvending.com\/es\/faq\/\" \/>\n<meta property=\"og:locale\" content=\"es_MX\" \/>\n<meta property=\"og:type\" content=\"article\" \/>\n<meta property=\"og:title\" content=\"Nail Vending Machine FAQ - Common Questions Answered\" \/>\n<meta property=\"og:description\" content=\"Find answers about nail vending machines: pricing, features, ROI, ink costs, printhead specs. 600DPI quality, 30s printing, AI positioning. Get expert help.\" \/>\n<meta property=\"og:url\" content=\"https:\/\/nailvending.com\/es\/faq\/\" \/>\n<meta property=\"og:site_name\" content=\"Wider Matrix\" \/>\n<meta name=\"twitter:card\" content=\"summary_large_image\" \/>\n<script type=\"application\/ld+json\" class=\"yoast-schema-graph\">{\"@context\":\"https:\\\/\\\/schema.org\",\"@graph\":[{\"@type\":\"WebPage\",\"@id\":\"https:\\\/\\\/nailvending.com\\\/faq\\\/\",\"url\":\"https:\\\/\\\/nailvending.com\\\/faq\\\/\",\"name\":\"Nail Vending Machine FAQ - Common Questions Answered\",\"isPartOf\":{\"@id\":\"https:\\\/\\\/nailvending.com\\\/#website\"},\"datePublished\":\"2026-04-16T03:57:02+00:00\",\"description\":\"Find answers about nail vending machines: pricing, features, ROI, ink costs, printhead specs. 600DPI quality, 30s printing, AI positioning. Get expert help.\",\"breadcrumb\":{\"@id\":\"https:\\\/\\\/nailvending.com\\\/faq\\\/#breadcrumb\"},\"inLanguage\":\"es\",\"potentialAction\":[{\"@type\":\"ReadAction\",\"target\":[\"https:\\\/\\\/nailvending.com\\\/faq\\\/\"]}]},{\"@type\":\"BreadcrumbList\",\"@id\":\"https:\\\/\\\/nailvending.com\\\/faq\\\/#breadcrumb\",\"itemListElement\":[{\"@type\":\"ListItem\",\"position\":1,\"name\":\"Home\",\"item\":\"https:\\\/\\\/nailvending.com\\\/\"},{\"@type\":\"ListItem\",\"position\":2,\"name\":\"FAQ\"}]},{\"@type\":\"WebSite\",\"@id\":\"https:\\\/\\\/nailvending.com\\\/#website\",\"url\":\"https:\\\/\\\/nailvending.com\\\/\",\"name\":\"Wider Matrix\",\"description\":\"\",\"potentialAction\":[{\"@type\":\"SearchAction\",\"target\":{\"@type\":\"EntryPoint\",\"urlTemplate\":\"https:\\\/\\\/nailvending.com\\\/?s={search_term_string}\"},\"query-input\":{\"@type\":\"PropertyValueSpecification\",\"valueRequired\":true,\"valueName\":\"search_term_string\"}}],\"inLanguage\":\"es\"}]}<\/script>\n<!-- \/ Yoast SEO plugin. -->","yoast_head_json":{"title":"Preguntas frecuentes sobre las m\u00e1quinas expendedoras de u\u00f1as: respuestas a las preguntas m\u00e1s comunes","description":"Encuentra respuestas sobre las m\u00e1quinas expendedoras de u\u00f1as: precios, caracter\u00edsticas, retorno de la inversi\u00f3n, costos de tinta, especificaciones del cabezal de impresi\u00f3n. Calidad de 600 ppp, impresi\u00f3n en 30 segundos, posicionamiento mediante IA. Obt\u00e9n ayuda de expertos.","robots":{"index":"index","follow":"follow","max-snippet":"max-snippet:-1","max-image-preview":"max-image-preview:large","max-video-preview":"max-video-preview:-1"},"canonical":"https:\/\/nailvending.com\/es\/faq\/","og_locale":"es_MX","og_type":"article","og_title":"Nail Vending Machine FAQ - Common Questions Answered","og_description":"Find answers about nail vending machines: pricing, features, ROI, ink costs, printhead specs. 600DPI quality, 30s printing, AI positioning. Get expert help.","og_url":"https:\/\/nailvending.com\/es\/faq\/","og_site_name":"Wider Matrix","twitter_card":"summary_large_image","schema":{"@context":"https:\/\/schema.org","@graph":[{"@type":"WebPage","@id":"https:\/\/nailvending.com\/faq\/","url":"https:\/\/nailvending.com\/faq\/","name":"Preguntas frecuentes sobre las m\u00e1quinas expendedoras de u\u00f1as: respuestas a las preguntas m\u00e1s comunes","isPartOf":{"@id":"https:\/\/nailvending.com\/#website"},"datePublished":"2026-04-16T03:57:02+00:00","description":"Encuentra respuestas sobre las m\u00e1quinas expendedoras de u\u00f1as: precios, caracter\u00edsticas, retorno de la inversi\u00f3n, costos de tinta, especificaciones del cabezal de impresi\u00f3n. Calidad de 600 ppp, impresi\u00f3n en 30 segundos, posicionamiento mediante IA. Obt\u00e9n ayuda de expertos.","breadcrumb":{"@id":"https:\/\/nailvending.com\/faq\/#breadcrumb"},"inLanguage":"es","potentialAction":[{"@type":"ReadAction","target":["https:\/\/nailvending.com\/faq\/"]}]},{"@type":"BreadcrumbList","@id":"https:\/\/nailvending.com\/faq\/#breadcrumb","itemListElement":[{"@type":"ListItem","position":1,"name":"Home","item":"https:\/\/nailvending.com\/"},{"@type":"ListItem","position":2,"name":"FAQ"}]},{"@type":"WebSite","@id":"https:\/\/nailvending.com\/#website","url":"https:\/\/nailvending.com\/","name":"Matriz m\u00e1s amplia","description":"","potentialAction":[{"@type":"SearchAction","target":{"@type":"EntryPoint","urlTemplate":"https:\/\/nailvending.com\/?s={search_term_string}"},"query-input":{"@type":"PropertyValueSpecification","valueRequired":true,"valueName":"search_term_string"}}],"inLanguage":"es"}]}},"_links":{"self":[{"href":"https:\/\/nailvending.com\/es\/wp-json\/wp\/v2\/pages\/13","targetHints":{"allow":["GET"]}}],"collection":[{"href":"https:\/\/nailvending.com\/es\/wp-json\/wp\/v2\/pages"}],"about":[{"href":"https:\/\/nailvending.com\/es\/wp-json\/wp\/v2\/types\/page"}],"author":[{"embeddable":true,"href":"https:\/\/nailvending.com\/es\/wp-json\/wp\/v2\/users\/1"}],"replies":[{"embeddable":true,"href":"https:\/\/nailvending.com\/es\/wp-json\/wp\/v2\/comments?post=13"}],"version-history":[{"count":1,"href":"https:\/\/nailvending.com\/es\/wp-json\/wp\/v2\/pages\/13\/revisions"}],"predecessor-version":[{"id":14,"href":"https:\/\/nailvending.com\/es\/wp-json\/wp\/v2\/pages\/13\/revisions\/14"}],"wp:attachment":[{"href":"https:\/\/nailvending.com\/es\/wp-json\/wp\/v2\/media?parent=13"}],"curies":[{"name":"wp","href":"https:\/\/api.w.org\/{rel}","templated":true}]}}