{"id":11,"date":"2026-04-16T03:47:02","date_gmt":"2026-04-16T03:47:02","guid":{"rendered":"https:\/\/nailvending.com\/?page_id=11"},"modified":"2026-04-16T03:47:02","modified_gmt":"2026-04-16T03:47:02","slug":"about-us","status":"publish","type":"page","link":"https:\/\/nailvending.com\/es\/about-us\/","title":{"rendered":"Qui\u00e9nes somos"},"content":{"rendered":"","protected":false},"excerpt":{"rendered":"","protected":false},"author":1,"featured_media":0,"parent":0,"menu_order":0,"comment_status":"closed","ping_status":"closed","template":"page-about.php","meta":{"footnotes":""},"class_list":["post-11","page","type-page","status-publish","hentry"],"yoast_head":"<!-- This site is optimized with the Yoast SEO plugin v27.4 - https:\/\/yoast.com\/product\/yoast-seo-wordpress\/ -->\n<title>About Us - Nail Vending Machine | Wider Matrix<\/title>\n<meta name=\"description\" content=\"Wider Matrix: Leading nail vending machine manufacturer since 2016. 3,000+ machines in 130+ countries. AI-powered nail printing, 600DPI quality, 30s fast print. ISO certified.\" \/>\n<meta name=\"robots\" content=\"index, follow, max-snippet:-1, max-image-preview:large, max-video-preview:-1\" \/>\n<link rel=\"canonical\" href=\"https:\/\/nailvending.com\/es\/about-us\/\" \/>\n<meta property=\"og:locale\" content=\"es_MX\" \/>\n<meta property=\"og:type\" content=\"article\" \/>\n<meta property=\"og:title\" content=\"About Us - Nail Vending Machine | Wider Matrix\" \/>\n<meta property=\"og:description\" content=\"Wider Matrix: Leading nail vending machine manufacturer since 2016. 3,000+ machines in 130+ countries. AI-powered nail printing, 600DPI quality, 30s fast print. ISO certified.\" \/>\n<meta property=\"og:url\" content=\"https:\/\/nailvending.com\/es\/about-us\/\" \/>\n<meta property=\"og:site_name\" content=\"Wider Matrix\" \/>\n<meta name=\"twitter:card\" content=\"summary_large_image\" \/>\n<script type=\"application\/ld+json\" class=\"yoast-schema-graph\">{\"@context\":\"https:\\\/\\\/schema.org\",\"@graph\":[{\"@type\":\"WebPage\",\"@id\":\"https:\\\/\\\/nailvending.com\\\/about-us\\\/\",\"url\":\"https:\\\/\\\/nailvending.com\\\/about-us\\\/\",\"name\":\"About Us - Nail Vending Machine | Wider Matrix\",\"isPartOf\":{\"@id\":\"https:\\\/\\\/nailvending.com\\\/#website\"},\"datePublished\":\"2026-04-16T03:47:02+00:00\",\"description\":\"Wider Matrix: Leading nail vending machine manufacturer since 2016. 3,000+ machines in 130+ countries. AI-powered nail printing, 600DPI quality, 30s fast print. ISO certified.\",\"breadcrumb\":{\"@id\":\"https:\\\/\\\/nailvending.com\\\/about-us\\\/#breadcrumb\"},\"inLanguage\":\"es\",\"potentialAction\":[{\"@type\":\"ReadAction\",\"target\":[\"https:\\\/\\\/nailvending.com\\\/about-us\\\/\"]}]},{\"@type\":\"BreadcrumbList\",\"@id\":\"https:\\\/\\\/nailvending.com\\\/about-us\\\/#breadcrumb\",\"itemListElement\":[{\"@type\":\"ListItem\",\"position\":1,\"name\":\"Home\",\"item\":\"https:\\\/\\\/nailvending.com\\\/\"},{\"@type\":\"ListItem\",\"position\":2,\"name\":\"About Us\"}]},{\"@type\":\"WebSite\",\"@id\":\"https:\\\/\\\/nailvending.com\\\/#website\",\"url\":\"https:\\\/\\\/nailvending.com\\\/\",\"name\":\"Wider Matrix\",\"description\":\"\",\"potentialAction\":[{\"@type\":\"SearchAction\",\"target\":{\"@type\":\"EntryPoint\",\"urlTemplate\":\"https:\\\/\\\/nailvending.com\\\/?s={search_term_string}\"},\"query-input\":{\"@type\":\"PropertyValueSpecification\",\"valueRequired\":true,\"valueName\":\"search_term_string\"}}],\"inLanguage\":\"es\"}]}<\/script>\n<!-- \/ Yoast SEO plugin. -->","yoast_head_json":{"title":"Qui\u00e9nes somos - M\u00e1quina expendedora de u\u00f1as | Wider Matrix","description":"Wider Matrix: Fabricante l\u00edder de m\u00e1quinas expendedoras de u\u00f1as desde 2016. M\u00e1s de 3000 m\u00e1quinas en m\u00e1s de 130 pa\u00edses. Impresi\u00f3n de u\u00f1as con tecnolog\u00eda de IA, calidad de 600 ppp, impresi\u00f3n r\u00e1pida en 30 segundos. Certificaci\u00f3n ISO.","robots":{"index":"index","follow":"follow","max-snippet":"max-snippet:-1","max-image-preview":"max-image-preview:large","max-video-preview":"max-video-preview:-1"},"canonical":"https:\/\/nailvending.com\/es\/about-us\/","og_locale":"es_MX","og_type":"article","og_title":"About Us - Nail Vending Machine | Wider Matrix","og_description":"Wider Matrix: Leading nail vending machine manufacturer since 2016. 3,000+ machines in 130+ countries. AI-powered nail printing, 600DPI quality, 30s fast print. ISO certified.","og_url":"https:\/\/nailvending.com\/es\/about-us\/","og_site_name":"Wider Matrix","twitter_card":"summary_large_image","schema":{"@context":"https:\/\/schema.org","@graph":[{"@type":"WebPage","@id":"https:\/\/nailvending.com\/about-us\/","url":"https:\/\/nailvending.com\/about-us\/","name":"Qui\u00e9nes somos - M\u00e1quina expendedora de u\u00f1as | Wider Matrix","isPartOf":{"@id":"https:\/\/nailvending.com\/#website"},"datePublished":"2026-04-16T03:47:02+00:00","description":"Wider Matrix: Fabricante l\u00edder de m\u00e1quinas expendedoras de u\u00f1as desde 2016. M\u00e1s de 3000 m\u00e1quinas en m\u00e1s de 130 pa\u00edses. Impresi\u00f3n de u\u00f1as con tecnolog\u00eda de IA, calidad de 600 ppp, impresi\u00f3n r\u00e1pida en 30 segundos. Certificaci\u00f3n ISO.","breadcrumb":{"@id":"https:\/\/nailvending.com\/about-us\/#breadcrumb"},"inLanguage":"es","potentialAction":[{"@type":"ReadAction","target":["https:\/\/nailvending.com\/about-us\/"]}]},{"@type":"BreadcrumbList","@id":"https:\/\/nailvending.com\/about-us\/#breadcrumb","itemListElement":[{"@type":"ListItem","position":1,"name":"Home","item":"https:\/\/nailvending.com\/"},{"@type":"ListItem","position":2,"name":"About Us"}]},{"@type":"WebSite","@id":"https:\/\/nailvending.com\/#website","url":"https:\/\/nailvending.com\/","name":"Matriz m\u00e1s amplia","description":"","potentialAction":[{"@type":"SearchAction","target":{"@type":"EntryPoint","urlTemplate":"https:\/\/nailvending.com\/?s={search_term_string}"},"query-input":{"@type":"PropertyValueSpecification","valueRequired":true,"valueName":"search_term_string"}}],"inLanguage":"es"}]}},"_links":{"self":[{"href":"https:\/\/nailvending.com\/es\/wp-json\/wp\/v2\/pages\/11","targetHints":{"allow":["GET"]}}],"collection":[{"href":"https:\/\/nailvending.com\/es\/wp-json\/wp\/v2\/pages"}],"about":[{"href":"https:\/\/nailvending.com\/es\/wp-json\/wp\/v2\/types\/page"}],"author":[{"embeddable":true,"href":"https:\/\/nailvending.com\/es\/wp-json\/wp\/v2\/users\/1"}],"replies":[{"embeddable":true,"href":"https:\/\/nailvending.com\/es\/wp-json\/wp\/v2\/comments?post=11"}],"version-history":[{"count":1,"href":"https:\/\/nailvending.com\/es\/wp-json\/wp\/v2\/pages\/11\/revisions"}],"predecessor-version":[{"id":12,"href":"https:\/\/nailvending.com\/es\/wp-json\/wp\/v2\/pages\/11\/revisions\/12"}],"wp:attachment":[{"href":"https:\/\/nailvending.com\/es\/wp-json\/wp\/v2\/media?parent=11"}],"curies":[{"name":"wp","href":"https:\/\/api.w.org\/{rel}","templated":true}]}}